{"id":2919,"date":"2016-09-29T15:48:46","date_gmt":"2016-09-29T15:48:46","guid":{"rendered":"http:\/\/www.barciulliarreda.com\/en\/?page_id=2919"},"modified":"2018-05-27T14:03:10","modified_gmt":"2018-05-27T14:03:10","slug":"privacy-e-cookies","status":"publish","type":"page","link":"https:\/\/www.barciulliarreda.com\/en\/privacy-e-cookies\/","title":{"rendered":"Privacy e Cookies"},"content":{"rendered":"<div id='av_section_1'  class='avia-section av-av_section-7d246871dc00bd5aab75b7bd65a1e955 main_color avia-section-default avia-no-shadow  avia-builder-el-0  el_before_av_textblock  avia-builder-el-first  avia-bg-style-scroll container_wrap fullsize'  ><div class='container av-section-cont-open' ><main  role=\"main\" itemprop=\"mainContentOfPage\"  class='template-page content  av-content-full alpha units'><div class='post-entry post-entry-type-page post-entry-2919'><div class='entry-content-wrapper clearfix'>\n\n<style type=\"text\/css\" data-created_by=\"avia_inline_auto\" id=\"style-css-av-av_one_fifth-352b07ef7d3bc99b2e9f92e7a9e06bdb\">\n.flex_column.av-av_one_fifth-352b07ef7d3bc99b2e9f92e7a9e06bdb{\nborder-radius:0px 0px 0px 0px;\npadding:0px 0px 0px 0px;\n}\n<\/style>\n<div  class='flex_column av-av_one_fifth-352b07ef7d3bc99b2e9f92e7a9e06bdb av_one_fifth  avia-builder-el-1  el_before_av_three_fifth  avia-builder-el-first  first flex_column_div av-zero-column-padding  '     ><\/div>\n<style type=\"text\/css\" data-created_by=\"avia_inline_auto\" id=\"style-css-av-av_three_fifth-2a64de42b738552fe666ca889af77e28\">\n.flex_column.av-av_three_fifth-2a64de42b738552fe666ca889af77e28{\nborder-radius:0px 0px 0px 0px;\npadding:0px 0px 0px 0px;\n}\n<\/style>\n<div  class='flex_column av-av_three_fifth-2a64de42b738552fe666ca889af77e28 av_three_fifth  avia-builder-el-2  el_after_av_one_fifth  el_before_av_one_fifth  flex_column_div av-zero-column-padding  '     ><style type=\"text\/css\" data-created_by=\"avia_inline_auto\" id=\"style-css-av-av_heading-614a239aea91b0f8348923c7e4fbb721\">\n#top .av-special-heading.av-av_heading-614a239aea91b0f8348923c7e4fbb721{\npadding-bottom:10px;\n}\nbody .av-special-heading.av-av_heading-614a239aea91b0f8348923c7e4fbb721 .av-special-heading-tag .heading-char{\nfont-size:25px;\n}\n.av-special-heading.av-av_heading-614a239aea91b0f8348923c7e4fbb721 .av-subheading{\nfont-size:15px;\n}\n<\/style>\n<div  class='av-special-heading av-av_heading-614a239aea91b0f8348923c7e4fbb721 av-special-heading-h1 blockquote modern-quote modern-centered  avia-builder-el-3  avia-builder-el-no-sibling  av-thin-font'><h1 class='av-special-heading-tag '  itemprop=\"headline\"  >Privacy e<br \/>\n<strong>Cookies<\/strong><\/h1><div class=\"special-heading-border\"><div class=\"special-heading-inner-border\"><\/div><\/div><\/div><\/div>\n<style type=\"text\/css\" data-created_by=\"avia_inline_auto\" id=\"style-css-av-av_one_fifth-2a64de42b738552fe666ca889af77e28\">\n.flex_column.av-av_one_fifth-2a64de42b738552fe666ca889af77e28{\nborder-radius:0px 0px 0px 0px;\npadding:0px 0px 0px 0px;\n}\n<\/style>\n<div  class='flex_column av-av_one_fifth-2a64de42b738552fe666ca889af77e28 av_one_fifth  avia-builder-el-4  el_after_av_three_fifth  avia-builder-el-last  flex_column_div av-zero-column-padding  '     ><\/div>\n<\/div><\/div><\/main><!-- close content main element --><\/div><\/div><div id='after_section_1'  class='main_color av_default_container_wrap container_wrap fullsize'  ><div class='container av-section-cont-open' ><div class='template-page content  av-content-full alpha units'><div class='post-entry post-entry-type-page post-entry-2919'><div class='entry-content-wrapper clearfix'>\n<section  class='av_textblock_section av-jhow9baz-53ff561568da5f8721e478eb2529b100 '   itemscope=\"itemscope\" itemtype=\"https:\/\/schema.org\/CreativeWork\" ><div class='avia_textblock'  itemprop=\"text\" ><p class=\"p1\"><span class=\"s1\"><b>PRIVACY POLICY \u2013 <\/b><\/span><span class=\"s2\"><b>BARCIULLI ARREDA<br \/>\n<\/b><\/span><\/p>\n<p class=\"p3\">BARCIULLI ARREDA Via Manara, 13 50019 Sesto Fiorentino FIRENZE ITALY P.IVA 04360770483,<br \/>\n<span class=\"s1\">\u00e8 il Titolare del trattamento dei dati personali raccolti su questo sito ai sensi e per gli effetti del Regolamento UE 679\/2016 (GDPR).<\/span><span class=\"s1\"><br \/>\nQuesta Informativa Privacy \u00e8 aggiornata al\u00a0<b>25\/05\/2018<\/b><\/span><\/p>\n<p class=\"p3\"><span class=\"s2\"><b>TITOLARE DEL TRATTAMENTO<br \/>\n<\/b>Il titolare del trattamento dei dati personali \u00e8<\/span><\/p>\n<p class=\"p1\">BARCIULLI ARREDA<\/p>\n<p>Via Manara, 13 50019 Sesto Fiorentino FIRENZE ITALY<\/p>\n<p>P.IVA 04360770483<\/p>\n<p class=\"p3\"><span class=\"s3\"><br \/>\n<\/span><span class=\"s2\"><b>CATEGORIE E NATURA DEI DATI TRATTATI<\/b><br \/>\n<\/span><span class=\"s2\"><span class=\"s3\">BARCIULLI ARREDA<\/span> tratter\u00e0 i dati personali degli utenti raccolti durante la navigazione e l\u2019utilizzo del Sito, nonch\u00e9 al momento dell\u2019invio dati attraverso i form, attraverso strumenti elettronici e automatizzati (v. anche successiva sezione \u201cCookies\u201d).<\/span><\/p>\n<p class=\"p3\"><span class=\"s2\"><br \/>\n<b>FINALIT\u00c0<br \/>\n<\/b>I dati personali potranno essere trattati per le seguenti finalit\u00e0:<br \/>\n<\/span><span class=\"s3\">a) esecuzione di obblighi strettamente connessi e strumentali all\u2019utilizzo del Sito, alla registrazione e all\u2019accesso alle aree riservate dello stesso;<br \/>\n<\/span><span class=\"s2\">b) rispondere a specifiche richieste;<br \/>\nc) adempiere ad obblighi di legge;<br \/>\nd) esecuzione di statistiche e misurazione del livello di soddisfazione del cliente, nonch\u00e9 invio di comunicazioni promozionali e di newsletter (mediante posta e telefono, posta elettronica e sms, anche tramite strumenti automatizzati) ai contatti rilasciati al momento della compilazione del form di registrazione online;<br \/>\ne) trattamento delle informazioni relative all\u2019uso del Sito (quali frequenza d\u2019uso, modalit\u00e0, abitudini, interessi, statistiche, <\/span><span class=\"s3\">etc.<\/span><span class=\"s2\">) attraverso l\u2019impiego di cookie (v. successiva sezione \u201cCookies Policy di <\/span><span class=\"s2\">BARCIULLI ARREDA\u201d);<\/span><\/p>\n<p class=\"p3\"><span class=\"s2\"><br \/>\n<b>NATURA OBBLIGATORIA O FACOLTATIVA DEL CONFERIMENTO DEI DATI E CONSEGUENZE DI UN EVENTUALE RIFIUTO<br \/>\n<\/b>In merito alle finalit\u00e0 di cui ai precedenti punti a), b) e c), il conferimento dei Suoi dati personali a BARCIULLI ARREDA<\/span><span class=\"s2\"> \u00e8 obbligatorio, e il relativo trattamento non richiede il suo consenso.<\/span><span class=\"s2\"> Il conferimento dei dati relativi ai campi contrassegnati come non obbligatori all\u2019interno del form di registrazione \u00e8 invece facoltativo.<br \/>\nIl conferimento dei dati per le finalit\u00e0 di cui ai punti d) ed e) \u00e8 facoltativo, e un eventuale rifiuto non avr\u00e0 alcuna conseguenza.<br \/>\n<\/span><\/p>\n<p class=\"p3\"><span class=\"s2\">Gli utenti sono liberi di cancellare la loro iscrizione al servizio di newsletter in qualsiasi momento, cliccando sul link \u201cunsubscribe\u201d presente in ogni mail promozionale.<\/span><\/p>\n<p class=\"p3\"><span class=\"s2\"><b>MODALIT\u00c0 DEL TRATTAMENTO<\/b><br \/>\nI dati personali sono trattati con strumenti automatizzati, con logiche strettamente correlate alle finalit\u00e0 stesse, per il tempo strettamente necessario a conseguire gli scopi per cui sono stati raccolti o al rispetto di eventuali adempimenti di legge. Specifiche misure di sicurezza sono osservate per prevenire la perdita dei dati, usi illeciti o non corretti e accessi non autorizzati. Le informazioni raccolte sono registrate in un ambiente sicuro.<\/span><\/p>\n<p class=\"p3\"><span class=\"s2\"><br \/>\n<b>AMBITO DI COMUNICAZIONE DEI DATI<\/b><br \/>\nI dati personali non saranno oggetto di diffusione e potranno essere comunicati in Italia o in altri Paesi UE nell\u2019ambito delle finalit\u00e0 di cui sopra, a soggetti terzi che agiscano per conto o in nome di <\/span><span class=\"s2\"><span class=\"s3\">BARCIULLI ARREDA<\/span>, quali i soggetti incaricati di curare la consegna dei prodotti, istituti di credito, nostri consulenti legali e fiscali, outsourcers, ecc.<br \/>\nPer le finalit\u00e0 suindicate i dati potranno venire a conoscenza di personale incaricato di\u00a0<\/span><span class=\"s2\"><span class=\"s3\">BARCIULLI ARREDA<\/span> o dai suoi responsabili del trattamento.<br \/>\nIl responsabile del trattamento per\u00a0<\/span><span class=\"s2\"><span class=\"s3\">BARCIULLI ARREDA<\/span> \u00e8 da identificarsi nella figura dell\u2019amministrore. Un elenco aggiornato dei responsabili del trattamento \u00e8 disponibile presso la sede della societ\u00e0.<\/span><\/p>\n<p class=\"p3\"><span class=\"s2\"><br \/>\n<b>DIRITTI DELL\u2019INTERESSATO<br \/>\n<\/b>La informiamo che il Codice Privacy le conferisce l\u2019esercizio di specifici diritti.<br \/>\nIn particolare, in ogni momento, Lei pu\u00f2 ottenere: a) la conferma dell\u2019esistenza o meno di dati personali che la riguardano, anche se non ancora registrati, e la loro comunicazione in forma intelligibile; b) l\u2019indicazione dell\u2019origine dei dati personali, delle finalit\u00e0 e modalit\u00e0 del trattamento nonch\u00e9 della logica applicata in caso di trattamento effettuato con l\u2019ausilio di strumenti elettronici; c) l\u2019indicazione degli estremi identificativi del titolare e dei responsabili nonch\u00e9 dei soggetti o delle categorie di soggetti ai quali i dati personali possono essere comunicati o che possono venirne a conoscenza; d) l\u2019aggiornamento, la rettificazione, l\u2019integrazione dei dati, nonch\u00e9 la cancellazione, la trasformazione in forma anonima o il blocco dei dati trattati in violazione di legge, compresi quelli di cui non \u00e8 necessaria la conservazione in relazione agli scopi per i quali i dati sono stati raccolti o successivamente trattati; e) l\u2019attestazione che le operazioni di cui alla lettera d) sono state portate a conoscenza, anche per quanto riguarda il loro contenuto, di coloro ai quali i dati sono stati comunicati, eccettuato il caso in cui tale adempimento si rivela impossibile o comporta un impiego di mezzi manifestamente sproporzionato rispetto al diritto tutelato. L\u2019interessato, ai sensi dell\u2019art. 7 del Codice Privacy, ha diritto altres\u00ec di opporsi, per motivi legittimi, al trattamento dei dati personali, anche se pertinenti allo scopo della raccolta, nonch\u00e9 al trattamento di dati personali a fini di invio di comunicazioni promozionali o per le altre finalit\u00e0 per le quali ha rilasciato il consenso.<\/span><\/p>\n<p><span class=\"s3\">BARCIULLI ARREDA<\/span><\/p>\n<p>Via Manara, 13 50019<\/p>\n<p>Sesto Fiorentino<\/p>\n<p>FIRENZE ITALY<\/p>\n<p>P.IVA 04360770483<\/p>\n<p>Tel.: +39 055 444829<\/p>\n<p>MAIL <a href=\"mailto:info@barciulliarreda.com\">info@barciulliarreda.com<\/a><\/p>\n<p class=\"p1\"><b style=\"line-height: 1.5;\">UTILIZZO DEI COOKIES<\/b><\/p>\n<p>I cookies sono righe di testo che fungono da marcatori informatici inviati da un server (in questo caso, quello del presente sito) all\u2019apparecchio di un utente (generalmente al browser Internet) nel momento in cui questi accede ad una data pagina di un sito web; i cookie sono memorizzati automaticamente dal browser dell\u2019utente e ritrasmessi al server che li ha generati ogni volta che l\u2019utente accede alla stessa pagina Internet. In tal modo, ad esempio, i cookie consentono e\/o facilitano l\u2019accesso ad alcune pagine Internet per migliorare la navigazione dell\u2019utente, ovvero permettono la memorizzazione di pagine visitate e di altre informazioni specifiche, come ad esempio pagine consultate pi\u00f9 frequentemente, errori di connessione, etc. Pertanto, per un utilizzo agevolato e completo di questo sito, sarebbe opportuno che l\u2019utente configurasse il proprio browser in modo che accetti la ricezione di tali cookie.<\/p>\n<p>Spesso i browser sono impostati per accettare automaticamente i cookie. Tuttavia gli utenti possono modificare la configurazione predefinita, in modo da disabilitare o cancellare i cookies (di volta in volta o una volta per tutte), con la conseguenza, per\u00f2, che la fruizione ottimale di alcune aree del sito potrebbe essere preclusa. \u00c8 anche possibile verificare le modalit\u00e0 e tipologie di cookie memorizzati sul proprio browser modificando le impostazioni sui cookie del proprio browser.<\/p>\n<p class=\"p1\"><strong><span class=\"s1\">COOKIES POLICY BARCIULLI ARREDA<br \/>\n<\/span><\/strong><\/p>\n<p class=\"p3\"><span class=\"s2\">BARCIULLI ARREDA utilizza cookies per fornire servizi che migliorino l\u2019esperienza di navigazione degli utenti.<\/span><\/p>\n<p><strong>Come utilizziamo i cookies:<\/strong><br \/>\n\u2022 Utilizziamo cookie di navigazione anonimi, necessari per consentire agli utenti di navigare correttamente su <span class=\"s3\">BARCIULLI ARREDA<\/span><span class=\"s2\">, utilizzare tutte le funzionalit\u00e0 ed accedere ad aree sicure.<br \/>\n\u2022 Utilizziamo cookie analitici per capire meglio come i nostri utenti utilizzano il sito web, per ottimizzare e migliorare il sito, rendendolo sempre interessante e rilevante per gli utenti.<br \/>\nQueste informazioni sono anonime, e utilizzate solo a fini statistici.<\/span><\/p>\n<p><span class=\"s2\"><strong>Come modificare o disattivare le preferenze dei cookies<\/strong><br \/>\n\u2022 Dalle impostazioni del tuo browser (Internet Explorer, Safari, Firefox, Chrome ecc..) potrai stabilire quali sono i cookies che desideri ricevere e quali no. Per sapere dove puoi trovare suddette impostazioni, utilizza il tasto \u201cHelp\u201d del tuo browser.<\/span><\/p>\n<table>\n<thead>\n<tr>\n<td>Tipo di Cookie<\/td>\n<td>Descrizione dell\u2019uso<\/td>\n<td>Dati Raccolti<\/td>\n<td>Policy Link e Luogo del trattamento<\/td>\n<\/tr>\n<\/thead>\n<tbody>\n<tr>\n<td><strong>Form o Modulo di Contatto<\/strong><\/td>\n<td>L\u2019utente acconsente all\u2019utilizzo dei dati inseriti nel form di contatto al fine di rispondere alle richieste di preventivo, di informazione, o di qualunque altro motivo (indicato nel titolo del modulo).<\/td>\n<td>Nome, email e telefono<\/td>\n<td>Dati non conservati<\/td>\n<\/tr>\n<tr>\n<td><\/td>\n<td><\/td>\n<td><\/td>\n<td><\/td>\n<\/tr>\n<tr>\n<td><strong>Mozcast<\/strong> di <strong>Moz<\/strong><\/td>\n<td>Il servizio di Mozcast \u00e8 necessario al plugin dedicato all\u2019analisi delle modifiche dell\u2019algoritmo di Google<\/td>\n<td>Cookie e dati di utilizzo<\/td>\n<td>USA \u2013<a href=\"https:\/\/moz.com\/terms-privacy\" target=\"_blank\" rel=\"nofollow noopener\">Privacy Policy<\/a><\/td>\n<\/tr>\n<tr>\n<td>Pulsante <strong>Mi Piace<\/strong> e servizi terzi di <strong>Facebook, Inc.<\/strong><\/td>\n<td>Il pulsante \u201cMi Piace\u201d e i servizi di Facebook sono necessari all\u2019interazione con il social network Facebook e vengono forniti da Facebook, Inc.<\/td>\n<td>Cookie e dati di utilizzo<\/td>\n<td>USA \u2013<a href=\"http:\/\/www.facebook.com\/privacy\/explanation.php\" target=\"_blank\" rel=\"nofollow noopener\">Privacy Policy<\/a> \u2013<a href=\"https:\/\/www.facebook.com\/help\/cookies?ref_type=sitefooter\" target=\"_blank\" rel=\"nofollow noopener\">Maggiori informazioni<\/a><\/td>\n<\/tr>\n<tr>\n<td>Pulsante <strong>Tweet <\/strong>e servizi terzi di <strong>Twitter, Inc.<\/strong><\/td>\n<td>Il pulsante \u201cTweet\u201d e i servizi correlati sono necessari all\u2019interazione con il social network Twitter e vengono forniti da Twitter, Inc.<\/td>\n<td>Cookie e dati di utilizzo<\/td>\n<td>USA \u2013<a href=\"http:\/\/twitter.com\/privacy\" target=\"_blank\" rel=\"nofollow noopener\">Privacy Policy<\/a> \u2013<a href=\"https:\/\/support.twitter.com\/articles\/20170519-uso-dei-cookie-e-di-altre-tecnologie-simili-da-parte-di-twitter#\" target=\"_blank\" rel=\"nofollow noopener\">Maggiori informazioni<\/a><\/td>\n<\/tr>\n<tr>\n<td><\/td>\n<td><\/td>\n<td><\/td>\n<td><\/td>\n<\/tr>\n<tr>\n<td><strong>Youtube<\/strong> e servizi terzi di <strong>Google Inc.<\/strong><\/td>\n<td>Youtube \u00e8 un social network dedicato alla visualizzazione di contenuti video ed \u00e8 gestito da Google Inc. con la possibilit\u00e0 di integrare i contenuti all\u2019interno delle proprie pagine<\/td>\n<td>Cookie e dati di utilizzo<\/td>\n<td>USA \u2013<a href=\"http:\/\/www.google.it\/intl\/it\/policies\/privacy\/\" target=\"_blank\" rel=\"nofollow noopener\">Privacy Policy<\/a> \u2013 <a href=\"https:\/\/www.google.com\/settings\/u\/0\/ads?hl=it&amp;sig=ACi0TCiGVtQo3-M6KWk-W9FLb2ibvVcinVf7QTocMi5pUGsx67qs34yjO2h6N2SfsAAN4bWW9lfY8Zj7PH8epB-TcvIHMSktGnGK9X2FszgcREeCvlRtHrzTtukXpeZgZUx-LeGXWH8JBDW-N24XPdYuAd6ezwnQxl4OFxY_ROB7YMnFRBrDJ2w\" target=\"_blank\" rel=\"nofollow noopener\">Opt in<\/a><\/td>\n<\/tr>\n<tr>\n<td><\/td>\n<td><\/td>\n<td><\/td>\n<td><\/td>\n<\/tr>\n<tr>\n<td>Analisi degli accessi di <strong>Google Analytics<\/strong> e servizi terzi di <strong>Google Inc.<\/strong><\/td>\n<td>Gli accessi e le interazioni dell\u2019utenza su questo sito sono analizzati mediante il servizio di Google Analytics gestito da Google, Inc.<\/td>\n<td>Cookie e dati di utilizzo<\/td>\n<td>USA \u2013<a href=\"http:\/\/www.google.com\/intl\/it\/policies\/privacy\/\" target=\"_blank\" rel=\"nofollow noopener\">Privacy Policy<\/a> \u2013 <a href=\"https:\/\/www.google.com\/settings\/u\/0\/ads?hl=it&amp;sig=ACi0TCiGVtQo3-M6KWk-W9FLb2ibvVcinVf7QTocMi5pUGsx67qs34yjO2h6N2SfsAAN4bWW9lfY8Zj7PH8epB-TcvIHMSktGnGK9X2FszgcREeCvlRtHrzTtukXpeZgZUx-LeGXWH8JBDW-N24XPdYuAd6ezwnQxl4OFxY_ROB7YMnFRBrDJ2w\" target=\"_blank\" rel=\"nofollow noopener\">Opt in<\/a><\/td>\n<\/tr>\n<tr>\n<td><strong>Akismet<\/strong> di <strong>Automattic Inc.<\/strong><\/td>\n<td>Il servizio di Akismet \u00e8 necessario a proteggere dallo SPAM le pagine di questo sito e viene fornito da Automattic Inc.<\/td>\n<td>Varie tipologie di Dati (specificate nella privacy policy del servizio)<\/td>\n<td>USA \u2013<a href=\"http:\/\/automattic.com\/privacy\/\" target=\"_blank\" rel=\"nofollow noopener\">Privacy Policy<\/a><\/td>\n<\/tr>\n<tr>\n<td><\/td>\n<td><\/td>\n<td><\/td>\n<td><\/td>\n<\/tr>\n<tr>\n<td><strong>Google Fonts <\/strong>servizio di <strong>Google Inc.<\/strong><\/td>\n<td>Google Fonts \u00e8 un servizio che permette di inglobare e visualizzare stili di carattere personalizzati ed \u00e8 gestito da da Google Inc.<\/td>\n<td>Cookie e dati di utilizzo<\/td>\n<td>USA \u2013<a href=\"http:\/\/www.google.it\/intl\/en\/policies\/privacy\/\" target=\"_blank\" rel=\"nofollow noopener\">Privacy Policy<\/a> \u2013 <a href=\"https:\/\/www.google.com\/settings\/u\/0\/ads?hl=it&amp;sig=ACi0TCiGVtQo3-M6KWk-W9FLb2ibvVcinVf7QTocMi5pUGsx67qs34yjO2h6N2SfsAAN4bWW9lfY8Zj7PH8epB-TcvIHMSktGnGK9X2FszgcREeCvlRtHrzTtukXpeZgZUx-LeGXWH8JBDW-N24XPdYuAd6ezwnQxl4OFxY_ROB7YMnFRBrDJ2w\" target=\"_blank\" rel=\"nofollow noopener\">Opt in<\/a><\/td>\n<\/tr>\n<tr>\n<td><strong>Share This<\/strong><\/td>\n<td>Share This \u00e8 un servizio che permette di condividere i contenuti sulle diverse piattaforme sociali.<\/td>\n<td>Cookie e dati di utilizzo<\/td>\n<td>USA \u2013<a href=\"http:\/\/www.sharethis.com\/legal\/privacy\/#sthash.fG6kzS9q.dpbs\" target=\"_blank\" rel=\"nofollow noopener\">Privacy Policy<\/a><\/td>\n<\/tr>\n<\/tbody>\n<\/table>\n<div class=\"wpb_accordion wpb_content_element not-column-inherit\" data-collapsible=\"yes\" data-active-tab=\"false\"><\/div>\n<div class=\"wpb_text_column wpb_content_element \"><\/div>\n<\/div><\/section>\n","protected":false},"excerpt":{"rendered":"","protected":false},"author":1,"featured_media":0,"parent":0,"menu_order":5,"comment_status":"closed","ping_status":"closed","template":"","meta":{"footnotes":""},"class_list":["post-2919","page","type-page","status-publish","hentry"],"yoast_head":"<!-- This site is optimized with the Yoast SEO plugin v26.0 - https:\/\/yoast.com\/wordpress\/plugins\/seo\/ -->\n<title>Privacy e Cookies &#187; Barciulli Arreda<\/title>\n<meta name=\"robots\" content=\"index, follow, max-snippet:-1, max-image-preview:large, max-video-preview:-1\" \/>\n<link rel=\"canonical\" href=\"https:\/\/www.barciulliarreda.com\/en\/privacy-e-cookies\/\" \/>\n<meta property=\"og:locale\" content=\"en_US\" \/>\n<meta property=\"og:type\" content=\"article\" \/>\n<meta property=\"og:title\" content=\"Privacy e Cookies &#187; Barciulli Arreda\" \/>\n<meta property=\"og:url\" content=\"https:\/\/www.barciulliarreda.com\/en\/privacy-e-cookies\/\" \/>\n<meta property=\"og:site_name\" content=\"Barciulli Arreda\" \/>\n<meta property=\"article:publisher\" content=\"https:\/\/www.facebook.com\/BarciulliArreda\" \/>\n<meta property=\"article:modified_time\" content=\"2018-05-27T14:03:10+00:00\" \/>\n<meta name=\"twitter:card\" content=\"summary_large_image\" \/>\n<meta name=\"twitter:label1\" content=\"Est. reading time\" \/>\n\t<meta name=\"twitter:data1\" content=\"9 minutes\" \/>\n<script type=\"application\/ld+json\" class=\"yoast-schema-graph\">{\"@context\":\"https:\/\/schema.org\",\"@graph\":[{\"@type\":\"WebPage\",\"@id\":\"https:\/\/www.barciulliarreda.com\/en\/privacy-e-cookies\/\",\"url\":\"https:\/\/www.barciulliarreda.com\/en\/privacy-e-cookies\/\",\"name\":\"Privacy e Cookies &#187; Barciulli Arreda\",\"isPartOf\":{\"@id\":\"https:\/\/www.barciulliarreda.com\/#website\"},\"datePublished\":\"2016-09-29T15:48:46+00:00\",\"dateModified\":\"2018-05-27T14:03:10+00:00\",\"breadcrumb\":{\"@id\":\"https:\/\/www.barciulliarreda.com\/en\/privacy-e-cookies\/#breadcrumb\"},\"inLanguage\":\"en-US\",\"potentialAction\":[{\"@type\":\"ReadAction\",\"target\":[\"https:\/\/www.barciulliarreda.com\/en\/privacy-e-cookies\/\"]}]},{\"@type\":\"BreadcrumbList\",\"@id\":\"https:\/\/www.barciulliarreda.com\/en\/privacy-e-cookies\/#breadcrumb\",\"itemListElement\":[{\"@type\":\"ListItem\",\"position\":1,\"name\":\"Home\",\"item\":\"https:\/\/www.barciulliarreda.com\/en\/\"},{\"@type\":\"ListItem\",\"position\":2,\"name\":\"Privacy e Cookies\"}]},{\"@type\":\"WebSite\",\"@id\":\"https:\/\/www.barciulliarreda.com\/#website\",\"url\":\"https:\/\/www.barciulliarreda.com\/\",\"name\":\"Barciulli Arreda\",\"description\":\"Allestimenti per cinema, multiplex e teatri. sedute per comunita\u2019 e uffici.\",\"publisher\":{\"@id\":\"https:\/\/www.barciulliarreda.com\/#organization\"},\"potentialAction\":[{\"@type\":\"SearchAction\",\"target\":{\"@type\":\"EntryPoint\",\"urlTemplate\":\"https:\/\/www.barciulliarreda.com\/?s={search_term_string}\"},\"query-input\":{\"@type\":\"PropertyValueSpecification\",\"valueRequired\":true,\"valueName\":\"search_term_string\"}}],\"inLanguage\":\"en-US\"},{\"@type\":\"Organization\",\"@id\":\"https:\/\/www.barciulliarreda.com\/#organization\",\"name\":\"Barciulli Arreda\",\"url\":\"https:\/\/www.barciulliarreda.com\/\",\"logo\":{\"@type\":\"ImageObject\",\"inLanguage\":\"en-US\",\"@id\":\"https:\/\/www.barciulliarreda.com\/#\/schema\/logo\/image\/\",\"url\":\"https:\/\/www.barciulliarreda.com\/wp-content\/uploads\/2015\/03\/barciulli_logo.png\",\"contentUrl\":\"https:\/\/www.barciulliarreda.com\/wp-content\/uploads\/2015\/03\/barciulli_logo.png\",\"width\":731,\"height\":179,\"caption\":\"Barciulli Arreda\"},\"image\":{\"@id\":\"https:\/\/www.barciulliarreda.com\/#\/schema\/logo\/image\/\"},\"sameAs\":[\"https:\/\/www.facebook.com\/BarciulliArreda\",\"https:\/\/it.pinterest.com\/barciulliarreda\/\"]}]}<\/script>\n<!-- \/ Yoast SEO plugin. -->","yoast_head_json":{"title":"Privacy e Cookies &#187; Barciulli Arreda","robots":{"index":"index","follow":"follow","max-snippet":"max-snippet:-1","max-image-preview":"max-image-preview:large","max-video-preview":"max-video-preview:-1"},"canonical":"https:\/\/www.barciulliarreda.com\/en\/privacy-e-cookies\/","og_locale":"en_US","og_type":"article","og_title":"Privacy e Cookies &#187; Barciulli Arreda","og_url":"https:\/\/www.barciulliarreda.com\/en\/privacy-e-cookies\/","og_site_name":"Barciulli Arreda","article_publisher":"https:\/\/www.facebook.com\/BarciulliArreda","article_modified_time":"2018-05-27T14:03:10+00:00","twitter_card":"summary_large_image","twitter_misc":{"Est. reading time":"9 minutes"},"schema":{"@context":"https:\/\/schema.org","@graph":[{"@type":"WebPage","@id":"https:\/\/www.barciulliarreda.com\/en\/privacy-e-cookies\/","url":"https:\/\/www.barciulliarreda.com\/en\/privacy-e-cookies\/","name":"Privacy e Cookies &#187; Barciulli Arreda","isPartOf":{"@id":"https:\/\/www.barciulliarreda.com\/#website"},"datePublished":"2016-09-29T15:48:46+00:00","dateModified":"2018-05-27T14:03:10+00:00","breadcrumb":{"@id":"https:\/\/www.barciulliarreda.com\/en\/privacy-e-cookies\/#breadcrumb"},"inLanguage":"en-US","potentialAction":[{"@type":"ReadAction","target":["https:\/\/www.barciulliarreda.com\/en\/privacy-e-cookies\/"]}]},{"@type":"BreadcrumbList","@id":"https:\/\/www.barciulliarreda.com\/en\/privacy-e-cookies\/#breadcrumb","itemListElement":[{"@type":"ListItem","position":1,"name":"Home","item":"https:\/\/www.barciulliarreda.com\/en\/"},{"@type":"ListItem","position":2,"name":"Privacy e Cookies"}]},{"@type":"WebSite","@id":"https:\/\/www.barciulliarreda.com\/#website","url":"https:\/\/www.barciulliarreda.com\/","name":"Barciulli Arreda","description":"Allestimenti per cinema, multiplex e teatri. sedute per comunita\u2019 e uffici.","publisher":{"@id":"https:\/\/www.barciulliarreda.com\/#organization"},"potentialAction":[{"@type":"SearchAction","target":{"@type":"EntryPoint","urlTemplate":"https:\/\/www.barciulliarreda.com\/?s={search_term_string}"},"query-input":{"@type":"PropertyValueSpecification","valueRequired":true,"valueName":"search_term_string"}}],"inLanguage":"en-US"},{"@type":"Organization","@id":"https:\/\/www.barciulliarreda.com\/#organization","name":"Barciulli Arreda","url":"https:\/\/www.barciulliarreda.com\/","logo":{"@type":"ImageObject","inLanguage":"en-US","@id":"https:\/\/www.barciulliarreda.com\/#\/schema\/logo\/image\/","url":"https:\/\/www.barciulliarreda.com\/wp-content\/uploads\/2015\/03\/barciulli_logo.png","contentUrl":"https:\/\/www.barciulliarreda.com\/wp-content\/uploads\/2015\/03\/barciulli_logo.png","width":731,"height":179,"caption":"Barciulli Arreda"},"image":{"@id":"https:\/\/www.barciulliarreda.com\/#\/schema\/logo\/image\/"},"sameAs":["https:\/\/www.facebook.com\/BarciulliArreda","https:\/\/it.pinterest.com\/barciulliarreda\/"]}]}},"_links":{"self":[{"href":"https:\/\/www.barciulliarreda.com\/en\/wp-json\/wp\/v2\/pages\/2919","targetHints":{"allow":["GET"]}}],"collection":[{"href":"https:\/\/www.barciulliarreda.com\/en\/wp-json\/wp\/v2\/pages"}],"about":[{"href":"https:\/\/www.barciulliarreda.com\/en\/wp-json\/wp\/v2\/types\/page"}],"author":[{"embeddable":true,"href":"https:\/\/www.barciulliarreda.com\/en\/wp-json\/wp\/v2\/users\/1"}],"replies":[{"embeddable":true,"href":"https:\/\/www.barciulliarreda.com\/en\/wp-json\/wp\/v2\/comments?post=2919"}],"version-history":[{"count":3,"href":"https:\/\/www.barciulliarreda.com\/en\/wp-json\/wp\/v2\/pages\/2919\/revisions"}],"predecessor-version":[{"id":4710,"href":"https:\/\/www.barciulliarreda.com\/en\/wp-json\/wp\/v2\/pages\/2919\/revisions\/4710"}],"wp:attachment":[{"href":"https:\/\/www.barciulliarreda.com\/en\/wp-json\/wp\/v2\/media?parent=2919"}],"curies":[{"name":"wp","href":"https:\/\/api.w.org\/{rel}","templated":true}]}}