{"id":3759,"date":"2016-09-30T10:17:48","date_gmt":"2016-09-30T10:17:48","guid":{"rendered":"http:\/\/www.barciulliarreda.com\/fr\/?page_id=3759"},"modified":"2024-05-03T11:54:26","modified_gmt":"2024-05-03T11:54:26","slug":"tabourets","status":"publish","type":"page","link":"https:\/\/www.barciulliarreda.com\/fr\/produits\/tabourets\/","title":{"rendered":"TABOURETS"},"content":{"rendered":"\n<style type=\"text\/css\" data-created_by=\"avia_inline_auto\" id=\"style-css-av-h31hy7-29a841d440d1149187f42f6ec2144326\">\n.avia-section.av-h31hy7-29a841d440d1149187f42f6ec2144326 .av-parallax .av-parallax-inner{\nbackground-repeat:no-repeat;\nbackground-image:url(https:\/\/www.barciulliarreda.com\/wp-content\/uploads\/2015\/02\/teatri.jpg);\nbackground-position:50% 0%;\nbackground-attachment:scroll;\n}\n<\/style>\n<div id='hideresp'  class='avia-section av-h31hy7-29a841d440d1149187f42f6ec2144326 main_color avia-section-default avia-no-border-styling  avia-builder-el-0  el_before_av_submenu  avia-builder-el-first  avia-full-stretch av-parallax-section avia-bg-style-parallax av-minimum-height av-minimum-height-custom av-height-custom  container_wrap fullsize'  data-section-bg-repeat='stretch' data-av_minimum_height_px='350'><div class='av-parallax' data-avia-parallax-ratio='0.3' ><div class='av-parallax-inner main_color avia-full-stretch'><\/div><\/div><div class='container av-section-cont-open' style='height:350px'><main  role=\"main\" itemprop=\"mainContentOfPage\"  class='template-page content  av-content-full alpha units'><div class='post-entry post-entry-type-page post-entry-3759'><div class='entry-content-wrapper clearfix'>\n<div  class='flex_column av-fyn0u7-219c88b76e47359510e6af5512e5cf21 av_one_fifth  avia-builder-el-1  el_before_av_three_fifth  avia-builder-el-first  first flex_column_div  '     ><\/div>\n<style type=\"text\/css\" data-created_by=\"avia_inline_auto\" id=\"style-css-av-dntub3-d1adc6c017fe6f9908b21f37ec83b9ae\">\n.flex_column.av-dntub3-d1adc6c017fe6f9908b21f37ec83b9ae{\nborder-radius:0px 0px 0px 0px;\npadding:0px 0px 0px 0px;\n}\n<\/style>\n<div  class='flex_column av-dntub3-d1adc6c017fe6f9908b21f37ec83b9ae av_three_fifth  avia-builder-el-2  el_after_av_one_fifth  el_before_av_one_fifth  flex_column_div av-zero-column-padding  '     ><p>\n<style type=\"text\/css\" data-created_by=\"avia_inline_auto\" id=\"style-css-av-csrfyn-65c1a82e9c0831dfa4d19a36d099aa48\">\n#top .av-special-heading.av-csrfyn-65c1a82e9c0831dfa4d19a36d099aa48{\npadding-bottom:10px;\ncolor:#ffffff;\nfont-size:40px;\n}\nbody .av-special-heading.av-csrfyn-65c1a82e9c0831dfa4d19a36d099aa48 .av-special-heading-tag .heading-char{\nfont-size:25px;\n}\n#top #wrap_all .av-special-heading.av-csrfyn-65c1a82e9c0831dfa4d19a36d099aa48 .av-special-heading-tag{\nfont-size:40px;\n}\n.av-special-heading.av-csrfyn-65c1a82e9c0831dfa4d19a36d099aa48 .special-heading-inner-border{\nborder-color:#ffffff;\n}\n.av-special-heading.av-csrfyn-65c1a82e9c0831dfa4d19a36d099aa48 .av-subheading{\nfont-size:15px;\n}\n\n@media only screen and (min-width: 480px) and (max-width: 767px){ \n#top #wrap_all .av-special-heading.av-csrfyn-65c1a82e9c0831dfa4d19a36d099aa48 .av-special-heading-tag{\nfont-size:0.8em;\n}\n}\n\n@media only screen and (max-width: 479px){ \n#top #wrap_all .av-special-heading.av-csrfyn-65c1a82e9c0831dfa4d19a36d099aa48 .av-special-heading-tag{\nfont-size:0.8em;\n}\n}\n<\/style>\n<div  class='av-special-heading av-csrfyn-65c1a82e9c0831dfa4d19a36d099aa48 av-special-heading-h1 custom-color-heading blockquote modern-quote modern-centered  avia-builder-el-3  el_before_av_hr  avia-builder-el-first  av-inherit-size'><h1 class='av-special-heading-tag '  itemprop=\"headline\"  >TABOURETS<\/h1><div class=\"special-heading-border\"><div class=\"special-heading-inner-border\"><\/div><\/div><\/div><br \/>\n\n<style type=\"text\/css\" data-created_by=\"avia_inline_auto\" id=\"style-css-av-41edr-c9339f3cb04340227e1da61cd955d16b\">\n#top .hr.av-41edr-c9339f3cb04340227e1da61cd955d16b{\nmargin-top:40px;\nmargin-bottom:40px;\n}\n.hr.av-41edr-c9339f3cb04340227e1da61cd955d16b .hr-inner{\nwidth:50px;\nborder-color:#ffffff;\n}\n<\/style>\n<div  class='hr av-41edr-c9339f3cb04340227e1da61cd955d16b hr-custom  avia-builder-el-4  el_after_av_heading  avia-builder-el-last  hr-center hr-icon-no'><span class='hr-inner inner-border-av-border-fat'><span class=\"hr-inner-style\"><\/span><\/span><\/div><\/p><\/div>\n<style type=\"text\/css\" data-created_by=\"avia_inline_auto\" id=\"style-css-av-8kt6y7-61d87ab67ff368f234976c28d7c02e72\">\n.flex_column.av-8kt6y7-61d87ab67ff368f234976c28d7c02e72{\nborder-radius:0px 0px 0px 0px;\npadding:0px 0px 0px 0px;\n}\n<\/style>\n<div  class='flex_column av-8kt6y7-61d87ab67ff368f234976c28d7c02e72 av_one_fifth  avia-builder-el-5  el_after_av_three_fifth  avia-builder-el-last  flex_column_div av-zero-column-padding  '     ><\/div>\n\n<\/div><\/div><\/main><!-- close content main element --><\/div><\/div><div class='clear'><\/div><div id='sub_menu1'  class='av-submenu-container av-7b8glb-2847fc8dfb8dd4504c49223408b63c4c main_color  avia-builder-el-6  el_after_av_section  el_before_av_section  av-sticky-submenu submenu-not-first container_wrap fullsize' style='z-index:301' ><div class='container av-menu-mobile-disabled av-submenu-pos-center'><\/div><\/div><div class='sticky_placeholder'><\/div>\n<div id='av_section_2'  class='avia-section av-2haghr-a38c2c3c44aa8a4829af322efd37c7ae main_color avia-section-huge avia-no-border-styling  avia-builder-el-7  el_after_av_submenu  avia-builder-el-last  avia-bg-style-scroll container_wrap fullsize'  ><div class='container av-section-cont-open' ><div class='template-page content  av-content-full alpha units'><div class='post-entry post-entry-type-page post-entry-3759'><div class='entry-content-wrapper clearfix'>\n<section  class='av_textblock_section av-lvqm7mhb-1551adac7652d3d9c3339f65a76dc535 '   itemscope=\"itemscope\" itemtype=\"https:\/\/schema.org\/CreativeWork\" ><div class='avia_textblock'  itemprop=\"text\" ><p style=\"text-align: center;\">Cette section du site est en cours de mise \u00e0 jour, n&rsquo;h\u00e9sitez pas \u00e0 revenir nous rendre visite plus tard.<\/p>\n<\/div><\/section>\n\n","protected":false},"excerpt":{"rendered":"","protected":false},"author":1,"featured_media":0,"parent":3488,"menu_order":8,"comment_status":"closed","ping_status":"closed","template":"","meta":{"footnotes":""},"class_list":["post-3759","page","type-page","status-publish","hentry"],"yoast_head":"<!-- This site is optimized with the Yoast SEO plugin v26.0 - https:\/\/yoast.com\/wordpress\/plugins\/seo\/ -->\n<title>TABOURETS &#187; Barciulli Arreda<\/title>\n<meta name=\"robots\" content=\"index, follow, max-snippet:-1, max-image-preview:large, max-video-preview:-1\" \/>\n<link rel=\"canonical\" href=\"https:\/\/www.barciulliarreda.com\/fr\/produits\/tabourets\/\" \/>\n<meta property=\"og:locale\" content=\"fr_FR\" \/>\n<meta property=\"og:type\" content=\"article\" \/>\n<meta property=\"og:title\" content=\"TABOURETS &#187; Barciulli Arreda\" \/>\n<meta property=\"og:url\" content=\"https:\/\/www.barciulliarreda.com\/fr\/produits\/tabourets\/\" \/>\n<meta property=\"og:site_name\" content=\"Barciulli Arreda\" \/>\n<meta property=\"article:publisher\" content=\"https:\/\/www.facebook.com\/BarciulliArreda\" \/>\n<meta property=\"article:modified_time\" content=\"2024-05-03T11:54:26+00:00\" \/>\n<meta name=\"twitter:card\" content=\"summary_large_image\" \/>\n<meta name=\"twitter:label1\" content=\"Dur\u00e9e de lecture estim\u00e9e\" \/>\n\t<meta name=\"twitter:data1\" content=\"2 minutes\" \/>\n<script type=\"application\/ld+json\" class=\"yoast-schema-graph\">{\"@context\":\"https:\/\/schema.org\",\"@graph\":[{\"@type\":\"WebPage\",\"@id\":\"https:\/\/www.barciulliarreda.com\/fr\/produits\/tabourets\/\",\"url\":\"https:\/\/www.barciulliarreda.com\/fr\/produits\/tabourets\/\",\"name\":\"TABOURETS &#187; Barciulli Arreda\",\"isPartOf\":{\"@id\":\"https:\/\/www.barciulliarreda.com\/#website\"},\"datePublished\":\"2016-09-30T10:17:48+00:00\",\"dateModified\":\"2024-05-03T11:54:26+00:00\",\"breadcrumb\":{\"@id\":\"https:\/\/www.barciulliarreda.com\/fr\/produits\/tabourets\/#breadcrumb\"},\"inLanguage\":\"fr-FR\",\"potentialAction\":[{\"@type\":\"ReadAction\",\"target\":[\"https:\/\/www.barciulliarreda.com\/fr\/produits\/tabourets\/\"]}]},{\"@type\":\"BreadcrumbList\",\"@id\":\"https:\/\/www.barciulliarreda.com\/fr\/produits\/tabourets\/#breadcrumb\",\"itemListElement\":[{\"@type\":\"ListItem\",\"position\":1,\"name\":\"Home\",\"item\":\"https:\/\/www.barciulliarreda.com\/fr\/\"},{\"@type\":\"ListItem\",\"position\":2,\"name\":\"Produits\",\"item\":\"https:\/\/www.barciulliarreda.com\/fr\/produits\/\"},{\"@type\":\"ListItem\",\"position\":3,\"name\":\"TABOURETS\"}]},{\"@type\":\"WebSite\",\"@id\":\"https:\/\/www.barciulliarreda.com\/#website\",\"url\":\"https:\/\/www.barciulliarreda.com\/\",\"name\":\"Barciulli Arreda\",\"description\":\"Allestimenti per cinema, multiplex e teatri. sedute per comunita\u2019 e uffici.\",\"publisher\":{\"@id\":\"https:\/\/www.barciulliarreda.com\/#organization\"},\"potentialAction\":[{\"@type\":\"SearchAction\",\"target\":{\"@type\":\"EntryPoint\",\"urlTemplate\":\"https:\/\/www.barciulliarreda.com\/?s={search_term_string}\"},\"query-input\":{\"@type\":\"PropertyValueSpecification\",\"valueRequired\":true,\"valueName\":\"search_term_string\"}}],\"inLanguage\":\"fr-FR\"},{\"@type\":\"Organization\",\"@id\":\"https:\/\/www.barciulliarreda.com\/#organization\",\"name\":\"Barciulli Arreda\",\"url\":\"https:\/\/www.barciulliarreda.com\/\",\"logo\":{\"@type\":\"ImageObject\",\"inLanguage\":\"fr-FR\",\"@id\":\"https:\/\/www.barciulliarreda.com\/#\/schema\/logo\/image\/\",\"url\":\"https:\/\/www.barciulliarreda.com\/wp-content\/uploads\/2015\/03\/barciulli_logo.png\",\"contentUrl\":\"https:\/\/www.barciulliarreda.com\/wp-content\/uploads\/2015\/03\/barciulli_logo.png\",\"width\":731,\"height\":179,\"caption\":\"Barciulli Arreda\"},\"image\":{\"@id\":\"https:\/\/www.barciulliarreda.com\/#\/schema\/logo\/image\/\"},\"sameAs\":[\"https:\/\/www.facebook.com\/BarciulliArreda\",\"https:\/\/it.pinterest.com\/barciulliarreda\/\"]}]}<\/script>\n<!-- \/ Yoast SEO plugin. -->","yoast_head_json":{"title":"TABOURETS &#187; Barciulli Arreda","robots":{"index":"index","follow":"follow","max-snippet":"max-snippet:-1","max-image-preview":"max-image-preview:large","max-video-preview":"max-video-preview:-1"},"canonical":"https:\/\/www.barciulliarreda.com\/fr\/produits\/tabourets\/","og_locale":"fr_FR","og_type":"article","og_title":"TABOURETS &#187; Barciulli Arreda","og_url":"https:\/\/www.barciulliarreda.com\/fr\/produits\/tabourets\/","og_site_name":"Barciulli Arreda","article_publisher":"https:\/\/www.facebook.com\/BarciulliArreda","article_modified_time":"2024-05-03T11:54:26+00:00","twitter_card":"summary_large_image","twitter_misc":{"Dur\u00e9e de lecture estim\u00e9e":"2 minutes"},"schema":{"@context":"https:\/\/schema.org","@graph":[{"@type":"WebPage","@id":"https:\/\/www.barciulliarreda.com\/fr\/produits\/tabourets\/","url":"https:\/\/www.barciulliarreda.com\/fr\/produits\/tabourets\/","name":"TABOURETS &#187; Barciulli Arreda","isPartOf":{"@id":"https:\/\/www.barciulliarreda.com\/#website"},"datePublished":"2016-09-30T10:17:48+00:00","dateModified":"2024-05-03T11:54:26+00:00","breadcrumb":{"@id":"https:\/\/www.barciulliarreda.com\/fr\/produits\/tabourets\/#breadcrumb"},"inLanguage":"fr-FR","potentialAction":[{"@type":"ReadAction","target":["https:\/\/www.barciulliarreda.com\/fr\/produits\/tabourets\/"]}]},{"@type":"BreadcrumbList","@id":"https:\/\/www.barciulliarreda.com\/fr\/produits\/tabourets\/#breadcrumb","itemListElement":[{"@type":"ListItem","position":1,"name":"Home","item":"https:\/\/www.barciulliarreda.com\/fr\/"},{"@type":"ListItem","position":2,"name":"Produits","item":"https:\/\/www.barciulliarreda.com\/fr\/produits\/"},{"@type":"ListItem","position":3,"name":"TABOURETS"}]},{"@type":"WebSite","@id":"https:\/\/www.barciulliarreda.com\/#website","url":"https:\/\/www.barciulliarreda.com\/","name":"Barciulli Arreda","description":"Allestimenti per cinema, multiplex e teatri. sedute per comunita\u2019 e uffici.","publisher":{"@id":"https:\/\/www.barciulliarreda.com\/#organization"},"potentialAction":[{"@type":"SearchAction","target":{"@type":"EntryPoint","urlTemplate":"https:\/\/www.barciulliarreda.com\/?s={search_term_string}"},"query-input":{"@type":"PropertyValueSpecification","valueRequired":true,"valueName":"search_term_string"}}],"inLanguage":"fr-FR"},{"@type":"Organization","@id":"https:\/\/www.barciulliarreda.com\/#organization","name":"Barciulli Arreda","url":"https:\/\/www.barciulliarreda.com\/","logo":{"@type":"ImageObject","inLanguage":"fr-FR","@id":"https:\/\/www.barciulliarreda.com\/#\/schema\/logo\/image\/","url":"https:\/\/www.barciulliarreda.com\/wp-content\/uploads\/2015\/03\/barciulli_logo.png","contentUrl":"https:\/\/www.barciulliarreda.com\/wp-content\/uploads\/2015\/03\/barciulli_logo.png","width":731,"height":179,"caption":"Barciulli Arreda"},"image":{"@id":"https:\/\/www.barciulliarreda.com\/#\/schema\/logo\/image\/"},"sameAs":["https:\/\/www.facebook.com\/BarciulliArreda","https:\/\/it.pinterest.com\/barciulliarreda\/"]}]}},"_links":{"self":[{"href":"https:\/\/www.barciulliarreda.com\/fr\/wp-json\/wp\/v2\/pages\/3759","targetHints":{"allow":["GET"]}}],"collection":[{"href":"https:\/\/www.barciulliarreda.com\/fr\/wp-json\/wp\/v2\/pages"}],"about":[{"href":"https:\/\/www.barciulliarreda.com\/fr\/wp-json\/wp\/v2\/types\/page"}],"author":[{"embeddable":true,"href":"https:\/\/www.barciulliarreda.com\/fr\/wp-json\/wp\/v2\/users\/1"}],"replies":[{"embeddable":true,"href":"https:\/\/www.barciulliarreda.com\/fr\/wp-json\/wp\/v2\/comments?post=3759"}],"version-history":[{"count":5,"href":"https:\/\/www.barciulliarreda.com\/fr\/wp-json\/wp\/v2\/pages\/3759\/revisions"}],"predecessor-version":[{"id":9321,"href":"https:\/\/www.barciulliarreda.com\/fr\/wp-json\/wp\/v2\/pages\/3759\/revisions\/9321"}],"up":[{"embeddable":true,"href":"https:\/\/www.barciulliarreda.com\/fr\/wp-json\/wp\/v2\/pages\/3488"}],"wp:attachment":[{"href":"https:\/\/www.barciulliarreda.com\/fr\/wp-json\/wp\/v2\/media?parent=3759"}],"curies":[{"name":"wp","href":"https:\/\/api.w.org\/{rel}","templated":true}]}}